{"id":290,"date":"2020-07-28T15:11:21","date_gmt":"2020-07-28T13:11:21","guid":{"rendered":"http:\/\/orl.ethos-dev.ch\/?page_id=290"},"modified":"2021-03-11T12:57:05","modified_gmt":"2021-03-11T11:57:05","slug":"lorl-prend-en-charge-les-affections-qui-touchent-quatre-de-nos-fuenf-sens","status":"publish","type":"page","link":"https:\/\/orl.ethos-dev.ch\/de\/","title":{"rendered":"L&#8217;ORL prend en charge les affections qui touchent quatre de nos f\u00fcnf sens"},"content":{"rendered":"<div class=\"block_image_right \">\n\t<div class=\"row\">\n\t\t<div class=\"col-12 col-md-7\">\n\t\t\t<h2>Centre interdisciplinaire d&#8217;ORL<\/h2>\n\t\t    <p>Vivamus rutrum urna ut lorem mattis sagittis. Sed lacinia aliquet turpis maximus tristique. Integer varius lacinia lectus quis pulvinar. Quisque sapien ligula, malesuada a hendrerit in, tincidunt ac odio. Suspendisse pulvinar ipsum sed dolor venenatis faucibus. Morbi porttitor tortor volutpat, vehicula dui sed, facilisis purus. Morbi in massa nunc.\r\n\r\n<\/p>\n\t\t    <a class=\"btn btn-primary\" href=\"http:\/\/orl.ethos-dev.ch\/notre-centre\/\">Notre centre<\/a>\n\t    <\/div>\n\t    <div class=\"d-none d-md-block col-md-5\">\n\t    \t\t\t\t<img decoding=\"async\" src=\"https:\/\/orl.ethos-dev.ch\/wp-content\/uploads\/centre-interdisciplinaire-d-orl-1.jpg\" class=\"picture img-fluid\" alt=\"\" \/>\n\t\t<\/div>\n\t<\/div>\n<\/div>\n\n<style type=\"text\/css\">\n<\/style><style>.block_image_right {\n  margin: 50px 0; }\n  .block_image_right img.picture {\n    -webkit-box-shadow: 20px 20px 0px 0px #d7eaf0;\n    -moz-box-shadow: 20px 20px 0px 0px #d7eaf0;\n    box-shadow: 20px 20px 0px 0px #d7eaf0; }\n<\/style>\n\n\n\t<div class=\"container block_small_blocks\">\n\t\t<div class=\"row\">\n\n\t\t\t\n\t\t\t\t<div class=\"block col-12 col-md-4\" style=\"background-color:#ffffff;color:#000000\">\n\n\t\t\t\t\t\t\t\t\t\t\t<img decoding=\"async\" class=\"icon\" src=\"https:\/\/orl.ethos-dev.ch\/wp-content\/uploads\/phone.svg\" alt=\"\" \/>\n\t\t\t\t\t\n\t\t\t\t\t<h3>Prendre rendez-vous<\/h3>\n\t\t\t\t    blabla\n\t\t\t\t    \t\t\t\t    \t<div class=\"telephone\"><a href=\"tel:026 499 000 000\">026 499 000 000<\/a><\/div>\n\t\t\t\t    \n\t\t\t\t    \n\t\t\t\t<\/div>\n\n\t\t\t\n\t\t\t\t<div class=\"block col-12 col-md-4\" style=\"background-color:#27313d;color:#ffffff\">\n\n\t\t\t\t\t\t\t\t\t\t\t<img decoding=\"async\" class=\"icon\" src=\"https:\/\/orl.ethos-dev.ch\/wp-content\/uploads\/doctor.svg\" alt=\"\" \/>\n\t\t\t\t\t\n\t\t\t\t\t<h3>Les sp\u00e9cialistes<\/h3>\n\t\t\t\t    Vivamus rutrum urna ut lorem mattis sagittis. Sed lacinia aliquet turpis maximus tristique. Integer varius lacinia lectus quis pulvinar.\n\t\t\t\t    \n\t\t\t\t    \n\t\t\t\t<\/div>\n\n\t\t\t\n\t\t\t\t<div class=\"block col-12 col-md-4\" style=\"background-color:#4faac9;color:#ffffff\">\n\n\t\t\t\t\t\t\t\t\t\t\t<img decoding=\"async\" class=\"icon\" src=\"https:\/\/orl.ethos-dev.ch\/wp-content\/uploads\/time.svg\" alt=\"\" \/>\n\t\t\t\t\t\n\t\t\t\t\t<h3>Horaires d&#8217;ouverture<\/h3>\n\t\t\t\t    Du lundi au vendredi<br \/>\r\n8h30 &#8211; 11h30<br \/>\r\n14h00 &#8211; 17h00<br \/>\r\n<br \/>\r\nLe Centre est ferm\u00e9\n\t\t\t\t    \n\t\t\t\t    \n\t\t\t\t<\/div>\n\n\t\t\t\n\t\t<\/div>\n\t<\/div>\n\n<style>.block_small_blocks {\n  margin: 50px 0; }\n  .block_small_blocks .block {\n    padding: 40px;\n    font-size: 16px; }\n    @media screen and (max-width: 768px) {\n      .block_small_blocks .block {\n        padding: 25px; } }\n    .block_small_blocks .block img.icon {\n      width: 75px;\n      height: auto; }\n      @media screen and (max-width: 768px) {\n        .block_small_blocks .block img.icon {\n          width: 40px; } }\n    .block_small_blocks .block h3 {\n      margin: 15px 0;\n      font-size: 25px; }\n    .block_small_blocks .block .telephone {\n      margin-top: 20px; }\n      .block_small_blocks .block .telephone a {\n        font-size: 30px;\n        color: #4eaac8;\n        font-weight: 700; }\n        @media screen and (max-width: 768px) {\n          .block_small_blocks .block .telephone a {\n            font-size: 22px; } }\n    .block_small_blocks .block a.btn {\n      margin-top: 20px;\n      border-radius: 0;\n      font-size: 18px;\n      padding: 7px 30px;\n      font-weight: normal; }\n      .block_small_blocks .block a.btn:hover {\n        background: #fff;\n        color: #4eaac8; }\n<\/style>\n\n\n<div class=\"wp-block-group alignfull domaines has-text-color has-background\" style=\"background-color:#4eaac8;color:#ffffff\"><div class=\"wp-block-group__inner-container is-layout-flow\">\n<div class=\"wp-block-group container\"><div class=\"wp-block-group__inner-container is-layout-flow\">\n<div class=\"wp-block-group col-12 col-md-8\"><div class=\"wp-block-group__inner-container is-layout-flow\">\n<h2 class=\"wp-block-heading\">Nos domaines de comp\u00e9tences<\/h2>\n\n\n\n<p>L&#8217;ORL prend en charge les affectations qui touchent quatre de nos cinq sens (odorat, go\u00fbt, ou\u00efe et toucher) et celles touchant les fonctions vitales comme la respiration, la d\u00e9glutition et l&#8217;\u00e9mission de la voix.<\/p>\n\n\n\n<div class=\"wp-block-group is-layout-flow\"><div class=\"wp-block-group__inner-container\"><\/div><\/div>\n<\/div><\/div>\n<\/div><\/div>\n\n\n\n<p class=\"row\"><div class=\"container\"><div class=\"domaines_list row\"><div class=\"col-12 col-md-4 col-lg-3\"><div class=\"domaine\"><a href=\"https:\/\/orl.ethos-dev.ch\/de\/domaine\/maladies-de-loreille-et-troubles-de-laudition\/\"><img width=\"1\" height=\"1\" src=\"https:\/\/orl.ethos-dev.ch\/wp-content\/uploads\/trouble_audition.svg\" class=\"icon wp-post-image\" alt=\"\" decoding=\"async\" loading=\"lazy\" \/><h3>Maladies de l&#8217;oreille et troubles de l&#8217;audition<\/h3>EXTRAIT Sed blandit ultrices est. Proin enim metus, bibendum sed tellus nec, lacinia pharetra dui. Sed scelerisque neque sed sem rhoncus,.<\/a><\/div><\/div><\/div><\/div><\/p>\n<\/div><\/div>\n\n\n\n<div class=\"wp-block-group specialistes container\"><div class=\"wp-block-group__inner-container is-layout-flow\">\n<div class=\"wp-block-group row\"><div class=\"wp-block-group__inner-container is-layout-flow\">\n<div class=\"wp-block-group col-12 col-md-8\"><div class=\"wp-block-group__inner-container is-layout-flow\">\n<h2 class=\"wp-block-heading\">Nos sp\u00e9cialistes<\/h2>\n\n\n\n<p>Ce Centre est plac\u00e9 sous la responsabilit\u00e9 du Prof. Florian Lang, ancien m\u00e9decin chef du service d\u2019ORL \u00e0 l\u2019HFR et de la Dre M\u00e9lanie Buchwalder, sp\u00e9cialiste FMH ORL, soussp\u00e9cialis\u00e9e en oto-neurologie. Les Dre Salom\u00e9 Zwicky-Beck et Prof. Fran\u00e7ois Disant compl\u00e8tent l\u2019\u00e9quipe des m\u00e9decins sp\u00e9cialistes.<\/p>\n\n\n\n<div class=\"wp-block-buttons is-layout-flex\">\n<div class=\"wp-block-button\"><a class=\"wp-block-button__link\" href=\"http:\/\/orl.ethos-dev.ch\/nos-specialistes\/\">Tous nos sp\u00e9cialistes<\/a><\/div>\n<\/div>\n<\/div><\/div>\n<\/div><\/div>\n\n\n\n<div class=\"specialistes_list\"><div class=\"swiper-container\"><div class=\"swiper-wrapper\"><div class=\"swiper-slide specialiste\"><a href=\"https:\/\/orl.ethos-dev.ch\/de\/specialiste\/prof-florian-lang\/\"><img width=\"500\" height=\"704\" src=\"https:\/\/orl.ethos-dev.ch\/wp-content\/uploads\/Florian_Lang_CIORL.jpg\" class=\"attachment-post-thumbnail size-post-thumbnail wp-post-image\" alt=\"\" decoding=\"async\" loading=\"lazy\" srcset=\"https:\/\/orl.ethos-dev.ch\/wp-content\/uploads\/Florian_Lang_CIORL.jpg 500w, https:\/\/orl.ethos-dev.ch\/wp-content\/uploads\/Florian_Lang_CIORL-213x300.jpg 213w\" sizes=\"(max-width: 500px) 100vw, 500px\" \/><\/a><h3>Prof. Florian Lang<\/h3>ORL g\u00e9n\u00e9rale et p\u00e9diatrique\r\nChirurgie ontologique, rhino-sinusienne et cervico-faciale<\/div><\/div><\/div><div class=\"swiper-controls\">\n                <div class=\"swiper-button-prev\"><\/div>\n                <div class=\"swiper-button-next\"><\/div>\n              <\/div><div class=\"touch-controls\">\n                Sp\u00e9cialiste suivant\n                <img src=\"https:\/\/orl.ethos-dev.ch\/wp-content\/themes\/wp-bootstrap-starter-child-master\/img\/touch.svg\">\n              <\/div><script>\n              jQuery(document).ready(function($){\n                var specialistes = new Swiper('.specialistes_list .swiper-container', {\n                  effect: 'slide',\n                  slidesPerView: 4,\n                  breakpoints: {\n                      \/\/ when window width is <= 576px\n                      768: {\n                          slidesPerView: 3,\n                          spaceBetweenSlides: 0\n                      },\n                      576: {\n                          slidesPerView: 1,\n                          spaceBetweenSlides: 0\n                      },\n                  },\n                  navigation: {\n                    nextEl: '.specialistes_list .swiper-button-next',\n                    prevEl: '.specialistes_list .swiper-button-prev',\n                  },\n                  loop: true\n                });\n              });\n              <\/script><\/div>\n<\/div><\/div>\n\n\n\n<p><\/p>\n","protected":false},"excerpt":{"rendered":"<p>Nos domaines de comp\u00e9tences L&#8217;ORL prend en charge les affectations qui touchent quatre de nos cinq sens (odorat, go\u00fbt, ou\u00efe et toucher) et celles touchant les fonctions vitales comme la respiration, la d\u00e9glutition et l&#8217;\u00e9mission de la voix. Nos sp\u00e9cialistes Ce Centre est plac\u00e9 sous la responsabilit\u00e9 du Prof. Florian Lang, ancien m\u00e9decin chef du [&hellip;]<\/p>\n","protected":false},"author":1,"featured_media":118,"parent":0,"menu_order":0,"comment_status":"closed","ping_status":"closed","template":"","meta":{"inline_featured_image":false},"acf":[],"_links":{"self":[{"href":"https:\/\/orl.ethos-dev.ch\/de\/wp-json\/wp\/v2\/pages\/290"}],"collection":[{"href":"https:\/\/orl.ethos-dev.ch\/de\/wp-json\/wp\/v2\/pages"}],"about":[{"href":"https:\/\/orl.ethos-dev.ch\/de\/wp-json\/wp\/v2\/types\/page"}],"author":[{"embeddable":true,"href":"https:\/\/orl.ethos-dev.ch\/de\/wp-json\/wp\/v2\/users\/1"}],"replies":[{"embeddable":true,"href":"https:\/\/orl.ethos-dev.ch\/de\/wp-json\/wp\/v2\/comments?post=290"}],"version-history":[{"count":2,"href":"https:\/\/orl.ethos-dev.ch\/de\/wp-json\/wp\/v2\/pages\/290\/revisions"}],"predecessor-version":[{"id":401,"href":"https:\/\/orl.ethos-dev.ch\/de\/wp-json\/wp\/v2\/pages\/290\/revisions\/401"}],"wp:featuredmedia":[{"embeddable":true,"href":"https:\/\/orl.ethos-dev.ch\/de\/wp-json\/wp\/v2\/media\/118"}],"wp:attachment":[{"href":"https:\/\/orl.ethos-dev.ch\/de\/wp-json\/wp\/v2\/media?parent=290"}],"curies":[{"name":"wp","href":"https:\/\/api.w.org\/{rel}","templated":true}]}}